{"id":119,"date":"2023-03-15T16:24:33","date_gmt":"2023-03-15T15:24:33","guid":{"rendered":"http:\/\/meridiemwines.com\/?page_id=119"},"modified":"2024-08-09T17:23:57","modified_gmt":"2024-08-09T15:23:57","slug":"alma-mater","status":"publish","type":"page","link":"https:\/\/meridiemwines.com\/fr_fr\/alma-mater\/","title":{"rendered":"Alma Mater"},"content":{"rendered":"\t\t<div data-elementor-type=\"wp-page\" data-elementor-id=\"119\" class=\"elementor elementor-119\">\n\t\t\t\t\t\t<section class=\"elementor-section elementor-top-section elementor-element elementor-element-5169720 elementor-section-full_width elementor-section-height-min-height elementor-section-stretched elementor-section-height-default elementor-section-items-middle\" data-id=\"5169720\" data-element_type=\"section\" data-settings=\"{&quot;stretch_section&quot;:&quot;section-stretched&quot;,&quot;background_background&quot;:&quot;classic&quot;}\">\n\t\t\t\t\t\t<div class=\"elementor-container elementor-column-gap-default\">\n\t\t\t\t\t<div class=\"elementor-column elementor-col-100 elementor-top-column elementor-element elementor-element-7b39b04e\" data-id=\"7b39b04e\" data-element_type=\"column\">\n\t\t\t<div class=\"elementor-widget-wrap\">\n\t\t\t\t\t\t\t<\/div>\n\t\t<\/div>\n\t\t\t\t\t<\/div>\n\t\t<\/section>\n\t\t\t\t<section class=\"elementor-section elementor-top-section elementor-element elementor-element-437b4b65 elementor-section-boxed elementor-section-height-default elementor-section-height-default\" data-id=\"437b4b65\" data-element_type=\"section\">\n\t\t\t\t\t\t<div class=\"elementor-container elementor-column-gap-default\">\n\t\t\t\t\t<div class=\"elementor-column elementor-col-100 elementor-top-column elementor-element elementor-element-126654f1\" data-id=\"126654f1\" data-element_type=\"column\">\n\t\t\t<div class=\"elementor-widget-wrap elementor-element-populated\">\n\t\t\t\t\t\t<div class=\"elementor-element elementor-element-1b590dec envato-kit-98-line-before elementor-widget elementor-widget-heading\" data-id=\"1b590dec\" data-element_type=\"widget\" data-widget_type=\"heading.default\">\n\t\t\t\t<div class=\"elementor-widget-container\">\n\t\t\t<style>\/*! elementor - v3.19.0 - 26-02-2024 *\/\n.elementor-heading-title{padding:0;margin:0;line-height:1}.elementor-widget-heading .elementor-heading-title[class*=elementor-size-]>a{color:inherit;font-size:inherit;line-height:inherit}.elementor-widget-heading .elementor-heading-title.elementor-size-small{font-size:15px}.elementor-widget-heading .elementor-heading-title.elementor-size-medium{font-size:19px}.elementor-widget-heading .elementor-heading-title.elementor-size-large{font-size:29px}.elementor-widget-heading .elementor-heading-title.elementor-size-xl{font-size:39px}.elementor-widget-heading .elementor-heading-title.elementor-size-xxl{font-size:59px}<\/style><p class=\"elementor-heading-title elementor-size-default\">NOTRE HOMMAGE \u00c0 LA TERRE NOURRICI\u00c8RE<\/p>\t\t<\/div>\n\t\t\t\t<\/div>\n\t\t\t\t<div class=\"elementor-element elementor-element-3f3d1150 elementor-widget elementor-widget-heading\" data-id=\"3f3d1150\" data-element_type=\"widget\" data-widget_type=\"heading.default\">\n\t\t\t\t<div class=\"elementor-widget-container\">\n\t\t\t<h1 class=\"elementor-heading-title elementor-size-default\">ALMA MATER<\/h1>\t\t<\/div>\n\t\t\t\t<\/div>\n\t\t\t\t<div class=\"elementor-element elementor-element-4fbdde93 elementor-widget__width-initial elementor-widget elementor-widget-text-editor\" data-id=\"4fbdde93\" data-element_type=\"widget\" data-widget_type=\"text-editor.default\">\n\t\t\t\t<div class=\"elementor-widget-container\">\n\t\t\t<style>\/*! elementor - v3.19.0 - 26-02-2024 *\/\n.elementor-widget-text-editor.elementor-drop-cap-view-stacked .elementor-drop-cap{background-color:#69727d;color:#fff}.elementor-widget-text-editor.elementor-drop-cap-view-framed .elementor-drop-cap{color:#69727d;border:3px solid;background-color:transparent}.elementor-widget-text-editor:not(.elementor-drop-cap-view-default) .elementor-drop-cap{margin-top:8px}.elementor-widget-text-editor:not(.elementor-drop-cap-view-default) .elementor-drop-cap-letter{width:1em;height:1em}.elementor-widget-text-editor .elementor-drop-cap{float:left;text-align:center;line-height:1;font-size:50px}.elementor-widget-text-editor .elementor-drop-cap-letter{display:inline-block}<\/style>\t\t\t\t<p>Alma Mater est notre gamme parcellaire.<br>Notre hommage \u00e0&nbsp;la&nbsp;Terre Nourrici\u00e8re qui s\u2019impose \u00e0&nbsp;nous comme un&nbsp;devoir d\u2019engagement et&nbsp;de&nbsp;respect.<\/p>\n\n<p>La parcelle Les Louves est bord\u00e9e par une for\u00eat lui offrant un&nbsp;micro-climat caract\u00e9ristique. C\u2019est \u00e0&nbsp;cet environnement qu\u2019elle doit ses notes de&nbsp;sous bois prononc\u00e9es au&nbsp;nez, ainsi que sa&nbsp;fra\u00eecheur en&nbsp;bouche. Ce&nbsp;sont les particularit\u00e9s de&nbsp;la&nbsp;parcelle qui nous ont s\u00e9duits, et&nbsp;que nous souhaitons r\u00e9v\u00e9ler et&nbsp;sublimer en&nbsp;proc\u00e9dant \u00e0&nbsp;des vendanges manuelles nocturnes. C\u2019est alors que nous avons r\u00e9alis\u00e9 que son nom, Les Louves, symbole d\u2019unit\u00e9 et&nbsp;de&nbsp;la&nbsp;puissance du&nbsp;groupe, corr\u00e9lait parfaitement avec qui nous sommes. Ne dit-on pas qu\u2019il n\u2019y a&nbsp;pas de&nbsp;hasard&nbsp;?<\/p>\n\n<p>L\u2019Orangeraie puise son identit\u00e9 dans les r\u00e9f\u00e9rences culturelles r\u00e9gionales. De&nbsp;m\u00e9moire d\u2019hommes, il a&nbsp;toujours \u00e9t\u00e9 dit que cette parcelle b\u00e9n\u00e9ficiait d\u2019une telle exposition qu\u2019elle aurait pu&nbsp;accueillir une orangeraie. La&nbsp;parcelle l\u2019Orangeraie, \u00e0&nbsp;la&nbsp;diff\u00e9rence des Louves, b\u00e9n\u00e9ficie de&nbsp;toute la&nbsp;chaleur et&nbsp;la&nbsp;lumi\u00e8re prodigu\u00e9es par un&nbsp;ensoleillement particuli\u00e8rement favoris\u00e9. Son \u00e9cosyst\u00e8me s\u2019exprime au&nbsp;travers de&nbsp;vins tout en&nbsp;rondeur, finesse, gourmandise et&nbsp;g\u00e9n\u00e9rosit\u00e9.<\/p>\n<p>C\u2019est ce&nbsp;qui lui a&nbsp;valu son nom et&nbsp;qui a&nbsp;arr\u00eat\u00e9 notre choix, dans notre volont\u00e9 d\u2019opposer 2&nbsp;cuv\u00e9es aux profils organoleptiques compl\u00e9mentaires.<\/p>\n<div><\/div>\t\t\t\t\t\t<\/div>\n\t\t\t\t<\/div>\n\t\t\t\t<section class=\"elementor-section elementor-inner-section elementor-element elementor-element-985fb18 elementor-section-boxed elementor-section-height-default elementor-section-height-default\" data-id=\"985fb18\" data-element_type=\"section\">\n\t\t\t\t\t\t<div class=\"elementor-container elementor-column-gap-default\">\n\t\t\t\t\t<div class=\"elementor-column elementor-col-50 elementor-inner-column elementor-element elementor-element-6815d630\" data-id=\"6815d630\" data-element_type=\"column\">\n\t\t\t<div class=\"elementor-widget-wrap elementor-element-populated\">\n\t\t\t\t\t\t<div class=\"elementor-element elementor-element-a646f5a elementor-widget elementor-widget-image\" data-id=\"a646f5a\" data-element_type=\"widget\" data-widget_type=\"image.default\">\n\t\t\t\t<div class=\"elementor-widget-container\">\n\t\t\t<style>\/*! elementor - v3.19.0 - 26-02-2024 *\/\n.elementor-widget-image{text-align:center}.elementor-widget-image a{display:inline-block}.elementor-widget-image a img[src$=\".svg\"]{width:48px}.elementor-widget-image img{vertical-align:middle;display:inline-block}<\/style>\t\t\t\t\t\t\t\t\t\t<img decoding=\"async\" src=\"https:\/\/meridiemwines.com\/wp-content\/uploads\/elementor\/thumbs\/Les-Louves_2024-qscx5aaksu4gr743puigt8d3e16m23b5c7ncx651c0.png\" title=\"Les-Louves_2024\" alt=\"Les-Louves_2024\" loading=\"lazy\" \/>\t\t\t\t\t\t\t\t\t\t\t\t\t<\/div>\n\t\t\t\t<\/div>\n\t\t\t\t<div class=\"elementor-element elementor-element-194da784 elementor-align-right elementor-mobile-align-center elementor-widget elementor-widget-button\" data-id=\"194da784\" data-element_type=\"widget\" data-widget_type=\"button.default\">\n\t\t\t\t<div class=\"elementor-widget-container\">\n\t\t\t\t\t<div class=\"elementor-button-wrapper\">\n\t\t\t<a class=\"elementor-button elementor-button-link elementor-size-md elementor-animation-float\" href=\"https:\/\/meridiemwines.com\/wp-content\/uploads\/2024\/08\/FICHES_TECHS_AlmaMaterLesLouves_2024.pdf\" target=\"_blank\">\n\t\t\t\t\t\t<span class=\"elementor-button-content-wrapper\">\n\t\t\t\t\t\t<span class=\"elementor-button-text\">fiche technique<\/span>\n\t\t<\/span>\n\t\t\t\t\t<\/a>\n\t\t<\/div>\n\t\t\t\t<\/div>\n\t\t\t\t<\/div>\n\t\t\t\t\t<\/div>\n\t\t<\/div>\n\t\t\t\t<div class=\"elementor-column elementor-col-50 elementor-inner-column elementor-element elementor-element-4da333e5\" data-id=\"4da333e5\" data-element_type=\"column\">\n\t\t\t<div class=\"elementor-widget-wrap elementor-element-populated\">\n\t\t\t\t\t\t<div class=\"elementor-element elementor-element-abce987 elementor-widget elementor-widget-image\" data-id=\"abce987\" data-element_type=\"widget\" data-widget_type=\"image.default\">\n\t\t\t\t<div class=\"elementor-widget-container\">\n\t\t\t\t\t\t\t\t\t\t\t\t\t<img decoding=\"async\" src=\"https:\/\/meridiemwines.com\/wp-content\/uploads\/elementor\/thumbs\/LOrangeraie_2024-qscxa2b1jinxru68tev6ziyg3jms6pa0zv17qt1zpc.png\" title=\"L&rsquo;Orangeraie_2024\" alt=\"L&#039;Orangeraie_2024\" loading=\"lazy\" \/>\t\t\t\t\t\t\t\t\t\t\t\t\t<\/div>\n\t\t\t\t<\/div>\n\t\t\t\t<div class=\"elementor-element elementor-element-4f093b04 elementor-align-left elementor-mobile-align-center elementor-widget elementor-widget-button\" data-id=\"4f093b04\" data-element_type=\"widget\" data-widget_type=\"button.default\">\n\t\t\t\t<div class=\"elementor-widget-container\">\n\t\t\t\t\t<div class=\"elementor-button-wrapper\">\n\t\t\t<a class=\"elementor-button elementor-button-link elementor-size-md elementor-animation-float\" href=\"https:\/\/meridiemwines.com\/wp-content\/uploads\/2024\/08\/FICHES_TECHS_AlmaMaterLORANGERAIE_2024.pdf\" target=\"_blank\">\n\t\t\t\t\t\t<span class=\"elementor-button-content-wrapper\">\n\t\t\t\t\t\t<span class=\"elementor-button-text\">fiche technique<\/span>\n\t\t<\/span>\n\t\t\t\t\t<\/a>\n\t\t<\/div>\n\t\t\t\t<\/div>\n\t\t\t\t<\/div>\n\t\t\t\t\t<\/div>\n\t\t<\/div>\n\t\t\t\t\t<\/div>\n\t\t<\/section>\n\t\t\t\t\t<\/div>\n\t\t<\/div>\n\t\t\t\t\t<\/div>\n\t\t<\/section>\n\t\t\t\t<section class=\"elementor-section elementor-top-section elementor-element elementor-element-65f5dbcc elementor-section-stretched elementor-section-content-middle bloc-contact elementor-section-boxed elementor-section-height-default elementor-section-height-default\" data-id=\"65f5dbcc\" data-element_type=\"section\" data-settings=\"{&quot;stretch_section&quot;:&quot;section-stretched&quot;}\">\n\t\t\t\t\t\t<div class=\"elementor-container elementor-column-gap-no\">\n\t\t\t\t\t<div class=\"elementor-column elementor-col-100 elementor-top-column elementor-element elementor-element-147eaa13\" data-id=\"147eaa13\" data-element_type=\"column\" data-settings=\"{&quot;background_background&quot;:&quot;classic&quot;}\">\n\t\t\t<div class=\"elementor-widget-wrap elementor-element-populated\">\n\t\t\t\t\t\t<div class=\"elementor-element elementor-element-5d69ec81 fa elementor-widget elementor-widget-heading\" data-id=\"5d69ec81\" data-element_type=\"widget\" data-widget_type=\"heading.default\">\n\t\t\t\t<div class=\"elementor-widget-container\">\n\t\t\t<h2 class=\"elementor-heading-title elementor-size-default\">Une question ? Envie de d\u00e9guster ?<\/h2>\t\t<\/div>\n\t\t\t\t<\/div>\n\t\t\t\t<div class=\"elementor-element elementor-element-60f86f37 elementor-align-center elementor-widget elementor-widget-button\" data-id=\"60f86f37\" data-element_type=\"widget\" data-widget_type=\"button.default\">\n\t\t\t\t<div class=\"elementor-widget-container\">\n\t\t\t\t\t<div class=\"elementor-button-wrapper\">\n\t\t\t<a class=\"elementor-button elementor-button-link elementor-size-md elementor-animation-float\" href=\"https:\/\/meridiemwines.com\/contact\/\">\n\t\t\t\t\t\t<span class=\"elementor-button-content-wrapper\">\n\t\t\t\t\t\t<span class=\"elementor-button-text\">contactez-nous !<\/span>\n\t\t<\/span>\n\t\t\t\t\t<\/a>\n\t\t<\/div>\n\t\t\t\t<\/div>\n\t\t\t\t<\/div>\n\t\t\t\t\t<\/div>\n\t\t<\/div>\n\t\t\t\t\t<\/div>\n\t\t<\/section>\n\t\t\t\t<\/div>\n\t\t","protected":false},"excerpt":{"rendered":"<p>NOTRE HOMMAGE \u00c0 LA TERRE NOURRICI\u00c8RE ALMA MATER Alma Mater est notre gamme parcellaire.Notre hommage \u00e0&nbsp;la&nbsp;Terre Nourrici\u00e8re qui s\u2019impose \u00e0&nbsp;nous comme un&nbsp;devoir d\u2019engagement et&nbsp;de&nbsp;respect. La parcelle Les Louves est bord\u00e9e par une for\u00eat lui offrant un&nbsp;micro-climat caract\u00e9ristique. C\u2019est \u00e0&nbsp;cet environnement qu\u2019elle doit ses notes de&nbsp;sous bois prononc\u00e9es au&nbsp;nez, ainsi que sa&nbsp;fra\u00eecheur en&nbsp;bouche. Ce&nbsp;sont les particularit\u00e9s [&hellip;]<\/p>\n","protected":false},"author":1,"featured_media":766,"parent":0,"menu_order":0,"comment_status":"closed","ping_status":"closed","template":"","meta":{"_acf_changed":false,"ocean_post_layout":"","ocean_both_sidebars_style":"","ocean_both_sidebars_content_width":0,"ocean_both_sidebars_sidebars_width":0,"ocean_sidebar":"0","ocean_second_sidebar":"0","ocean_disable_margins":"enable","ocean_add_body_class":"","ocean_shortcode_before_top_bar":"","ocean_shortcode_after_top_bar":"","ocean_shortcode_before_header":"","ocean_shortcode_after_header":"","ocean_has_shortcode":"","ocean_shortcode_after_title":"","ocean_shortcode_before_footer_widgets":"","ocean_shortcode_after_footer_widgets":"","ocean_shortcode_before_footer_bottom":"","ocean_shortcode_after_footer_bottom":"","ocean_display_top_bar":"default","ocean_display_header":"default","ocean_header_style":"","ocean_center_header_left_menu":"0","ocean_custom_header_template":"0","ocean_custom_logo":0,"ocean_custom_retina_logo":0,"ocean_custom_logo_max_width":0,"ocean_custom_logo_tablet_max_width":0,"ocean_custom_logo_mobile_max_width":0,"ocean_custom_logo_max_height":0,"ocean_custom_logo_tablet_max_height":0,"ocean_custom_logo_mobile_max_height":0,"ocean_header_custom_menu":"0","ocean_menu_typo_font_family":"0","ocean_menu_typo_font_subset":"","ocean_menu_typo_font_size":0,"ocean_menu_typo_font_size_tablet":0,"ocean_menu_typo_font_size_mobile":0,"ocean_menu_typo_font_size_unit":"px","ocean_menu_typo_font_weight":"","ocean_menu_typo_font_weight_tablet":"","ocean_menu_typo_font_weight_mobile":"","ocean_menu_typo_transform":"","ocean_menu_typo_transform_tablet":"","ocean_menu_typo_transform_mobile":"","ocean_menu_typo_line_height":0,"ocean_menu_typo_line_height_tablet":0,"ocean_menu_typo_line_height_mobile":0,"ocean_menu_typo_line_height_unit":"","ocean_menu_typo_spacing":0,"ocean_menu_typo_spacing_tablet":0,"ocean_menu_typo_spacing_mobile":0,"ocean_menu_typo_spacing_unit":"","ocean_menu_link_color":"","ocean_menu_link_color_hover":"","ocean_menu_link_color_active":"","ocean_menu_link_background":"","ocean_menu_link_hover_background":"","ocean_menu_link_active_background":"","ocean_menu_social_links_bg":"","ocean_menu_social_hover_links_bg":"","ocean_menu_social_links_color":"","ocean_menu_social_hover_links_color":"","ocean_disable_title":"default","ocean_disable_heading":"default","ocean_post_title":"","ocean_post_subheading":"","ocean_post_title_style":"","ocean_post_title_background_color":"","ocean_post_title_background":0,"ocean_post_title_bg_image_position":"","ocean_post_title_bg_image_attachment":"","ocean_post_title_bg_image_repeat":"","ocean_post_title_bg_image_size":"","ocean_post_title_height":0,"ocean_post_title_bg_overlay":0.5,"ocean_post_title_bg_overlay_color":"","ocean_disable_breadcrumbs":"default","ocean_breadcrumbs_color":"","ocean_breadcrumbs_separator_color":"","ocean_breadcrumbs_links_color":"","ocean_breadcrumbs_links_hover_color":"","ocean_display_footer_widgets":"default","ocean_display_footer_bottom":"default","ocean_custom_footer_template":"0","footnotes":""},"class_list":["post-119","page","type-page","status-publish","has-post-thumbnail","hentry","entry","has-media"],"acf":[],"_links":{"self":[{"href":"https:\/\/meridiemwines.com\/fr_fr\/wp-json\/wp\/v2\/pages\/119","targetHints":{"allow":["GET"]}}],"collection":[{"href":"https:\/\/meridiemwines.com\/fr_fr\/wp-json\/wp\/v2\/pages"}],"about":[{"href":"https:\/\/meridiemwines.com\/fr_fr\/wp-json\/wp\/v2\/types\/page"}],"author":[{"embeddable":true,"href":"https:\/\/meridiemwines.com\/fr_fr\/wp-json\/wp\/v2\/users\/1"}],"replies":[{"embeddable":true,"href":"https:\/\/meridiemwines.com\/fr_fr\/wp-json\/wp\/v2\/comments?post=119"}],"version-history":[{"count":91,"href":"https:\/\/meridiemwines.com\/fr_fr\/wp-json\/wp\/v2\/pages\/119\/revisions"}],"predecessor-version":[{"id":1763,"href":"https:\/\/meridiemwines.com\/fr_fr\/wp-json\/wp\/v2\/pages\/119\/revisions\/1763"}],"wp:featuredmedia":[{"embeddable":true,"href":"https:\/\/meridiemwines.com\/fr_fr\/wp-json\/wp\/v2\/media\/766"}],"wp:attachment":[{"href":"https:\/\/meridiemwines.com\/fr_fr\/wp-json\/wp\/v2\/media?parent=119"}],"curies":[{"name":"wp","href":"https:\/\/api.w.org\/{rel}","templated":true}]}}